{"id":36,"date":"2010-07-27T10:03:30","date_gmt":"2010-07-27T10:03:30","guid":{"rendered":"https:\/\/www.engenhart.com\/engenhart\/"},"modified":"2025-04-01T03:31:19","modified_gmt":"2025-04-01T03:31:19","slug":"impressum","status":"publish","type":"page","link":"https:\/\/www.engenhart.com\/en\/impressum\/","title":{"rendered":"Imprint"},"content":{"rendered":"<p>Engenhart \u00b0 Design Studio<br \/>\nfor future affairs, visual and verbal communication<br \/>\nFounder: Dipl-Des. Marc Engenhart<br \/>\nSeidenstra\u00dfe 57<br \/>\n70174 Stuttgart<br \/>\nGermany, Europe<\/p>\n<p>VAT-ID Number \u00a7 27 a German Law<br \/>\nUST\/ID DE239666111<\/p>\n<p>Design &amp; Concept<br \/>\nEngenhart \u00b0 Stuttgart<\/p>\n<p>Publisher<br \/>\nDipl-Des. Marc Engenhart<\/p>\n<p>Programmierung<br \/>\n<a href=\"http:\/\/jensgiesel.de\/\">Jens Giesel V1.0<\/a><br \/>\n<a href=\"http:\/\/jpavlicek.de\/\">Jonas Pavlicek V2.0<\/a><br \/>\n<a href=\"http:\/\/buero-cc.de\/\">Simon Cipa V3.0<\/a><\/p>\n<p>&#8212;<br \/>\nHaftungsausschlu\u00df (Disclaimer)<br \/>\ndie inhalte unserer seiten wurden mit gr\u00f6\u00dfter sorgfalt erstellt. f\u00fcr die richtigkeit, vollst\u00e4ndigkeit und aktualit\u00e4t der inhalte k\u00f6nnen wir jedoch keine gew\u00e4hr \u00fcbernehmen. als diensteanbieter sind wir f\u00fcr eigene inhalte auf diesen seiten nach den allgemeinen gesetzen verantwortlich (\u00a7 7 abs. 1 tmg). wir sind jedoch nicht verpflichtet, \u00fcbermittelte oder gespeicherte fremde informationen zu \u00fcberwachen oder nach umst\u00e4nden zu forschen, die auf eine rechtswidrige t\u00e4tigkeit hinwiesen (\u00a7\u00a7 8 bis 10 tmg). davon unber\u00fchrt bleiben verpflichtungen zur entfernung oder sperrung der nutzung von informationen nach den allgemeinen gesetzen. eine diesbez\u00fcgliche haftung ist jedoch erst ab dem zeitpunkt der kenntnis einer konkreten rechtsverletzung m\u00f6glich. bei bekanntwerden von entsprechenden rechtsverletzungen werden wir diese inhalte umgehend entfernen.<\/p>\n<p>Urheberrecht<br \/>\ndie betreiber der seiten sind bem\u00fcht, stets die urheberrechte anderer zu beachten bzw. auf selbst erstellte sowie lizenzfreie werke zur\u00fcckzugreifen. die durch die seitenbetreiber erstellten inhalte und werke auf diesen seiten unterliegen dem deutschen urheberrecht. beitr\u00e4ge dritter sind als solche gekennzeichnet. die vervielf\u00e4ltigung, bearbeitung, verbreitung und jede art der verwertung au\u00dferhalb der grenzen des urheberrechtes bed\u00fcrfen der schriftlichen zustimmung des jeweiligen autors bzw. erstellers. downloads und kopien dieser seite sind nur f\u00fcr den privaten, nicht kommerziellen gebrauch gestattet.<\/p>\n<p>Datenschutz<br \/>\nsoweit auf unseren seiten personenbezogene daten (beispielsweise name, anschrift oder e-mail-adressen) erhoben werden, erfolgt dies, soweit m\u00f6glich, stets auf freiwilliger basis. die nutzung der angebote und dienste ist, soweit m\u00f6glich, stets ohne angabe personenbezogener daten m\u00f6glich. der nutzung von im rahmen der impressumspflicht ver\u00f6ffentlichten kontaktdaten durch dritte zur \u00fcbersendung von nicht ausdr\u00fccklich angeforderter werbung und informationsmaterialien wird hiermit ausdr\u00fccklich widersprochen. die betreiber der seiten behalten sich ausdr\u00fccklich rechtliche schritte im falle der unverlangten zusendung von werbeinformationen, etwa durch spam-mails, vor.<\/p>\n<p>Analyse des Internetauftrittes<br \/>\ndiese website benutzt google analytics, einen webanalysedienst der google inc. (&#8220;google&#8221;). google analytics verwendet sog. &#8220;cookies&#8221;, textdateien, die auf ihrem computer gespeichert werden und die eine analyse der benutzung der website durch sie erm\u00f6glichen. die durch den cookie erzeugten informationen \u00fcber ihre benutzung dieser website (einschlie\u00dflich ihrer ip-adresse) wird an einen server von google in den usa \u00fcbertragen und dort gespeichert. google wird diese informationen benutzen, um ihre nutzung der website auszuwerten, um reports \u00fcber die websiteaktivit\u00e4ten f\u00fcr die websitebetreiber zusammenzustellen und um weitere mit der websitenutzung und der internetnutzung verbundene dienstleistungen zu erbringen. auch wird google diese informationen gegebenenfalls an dritte \u00fcbertragen, sofern dies gesetzlich vorgeschrieben oder soweit dritte diese daten im auftrag von google verarbeiten. google wird in keinem fall ihre ip-adresse mit anderen daten von google in verbindung bringen. sie k\u00f6nnen die installation der cookies durch eine entsprechende einstellung ihrer browser software verhindern; wir weisen sie jedoch darauf hin, dass sie in diesem fall gegebenenfalls nicht s\u00e4mtliche funktionen dieser website vollumf\u00e4nglich nutzen k\u00f6nnen. durch die nutzung dieser website erkl\u00e4ren sie sich mit der bearbeitung der \u00fcber sie erhobenen daten durch google in der zuvor beschriebenen art und weise und zu dem zuvor benannten zweck einverstanden.<\/p>\n<p>Copyright Engenhart 2013<\/p>\n<div class=\"social-container-popup\"><div class=\"social-popup\"><a id=\"close-social-popup\">Social Media PopUp schlie\u00dfen<\/a><a class=\"twitter\" href=\"https:\/\/twitter.com\/intent\/tweet?text=Imprint&amp;url=https%3A%2F%2Fwww.engenhart.com%2Fen%2Fimpressum%2F&amp;via=engenhart\" target=\"_blank\">Twitter<\/a><a class=\"facebook\" href=\"https:\/\/www.facebook.com\/sharer\/sharer.php?u=https%3A%2F%2Fwww.engenhart.com%2Fen%2Fimpressum%2F\" target=\"_blank\">Facebook<\/a><a class=\"pinterest\" href=\"https:\/\/pinterest.com\/pin\/create\/button\/?url=https%3A%2F%2Fwww.engenhart.com%2Fen%2Fimpressum%2F&amp;media=https:\/\/www.engenhart.com\/wp-content\/uploads\/2010\/07\/thumb-info.jpg&amp;description=Imprint\" data-pin-custom=\"true\" target=\"_blank\">Pin It<\/a><a class=\"print\" href=\"javascript:window.print()\" target=\"_blank\">Seite drucken<\/a><\/div><\/div>","protected":false},"excerpt":{"rendered":"<p>Engenhart \u00b0 Design Studio for future affairs, visual and verbal communication Founder: Dipl-Des. Marc Engenhart Seidenstra\u00dfe 57 70174 Stuttgart Germany, Europe VAT-ID Number \u00a7 27 a German Law UST\/ID DE239666111 Design &amp; Concept Engenhart \u00b0 Stuttgart Publisher Dipl-Des. Marc Engenhart [&hellip;]<\/p>\n","protected":false},"author":3,"featured_media":3734,"parent":0,"menu_order":0,"comment_status":"closed","ping_status":"closed","template":"","meta":{"_acf_changed":false,"footnotes":""},"acf":[],"yoast_head":"<!-- This site is optimized with the Yoast SEO plugin v21.5 - https:\/\/yoast.com\/wordpress\/plugins\/seo\/ -->\n<title>Imprint - Engenhart \u00b0 Design Studio<\/title>\n<meta name=\"robots\" content=\"index, follow, max-snippet:-1, max-image-preview:large, max-video-preview:-1\" \/>\n<link rel=\"canonical\" href=\"https:\/\/www.engenhart.com\/impressum\/\" \/>\n<meta property=\"og:locale\" content=\"en_US\" \/>\n<meta property=\"og:type\" content=\"article\" \/>\n<meta property=\"og:title\" content=\"[:de]Impressum[:en]Imprint[:] - Engenhart \u00b0 Design Studio\" \/>\n<meta property=\"og:description\" content=\"Engenhart \u00b0 Design Studio for future affairs, visual and verbal communication Founder: Dipl-Des. Marc Engenhart Seidenstra\u00dfe 57 70174 Stuttgart Germany, Europe VAT-ID Number \u00a7 27 a German Law UST\/ID DE239666111 Design &amp; Concept Engenhart \u00b0 Stuttgart Publisher Dipl-Des. Marc Engenhart [&hellip;]\" \/>\n<meta property=\"og:url\" content=\"https:\/\/www.engenhart.com\/impressum\/\" \/>\n<meta property=\"og:site_name\" content=\"Engenhart \u00b0 Design Studio\" \/>\n<meta property=\"article:modified_time\" content=\"2025-04-01T03:31:19+00:00\" \/>\n<meta property=\"og:image\" content=\"https:\/\/www.engenhart.com\/wp-content\/uploads\/2010\/07\/thumb-info.jpg\" \/>\n\t<meta property=\"og:image:width\" content=\"232\" \/>\n\t<meta property=\"og:image:height\" content=\"116\" \/>\n\t<meta property=\"og:image:type\" content=\"image\/jpeg\" \/>\n<meta name=\"twitter:card\" content=\"summary_large_image\" \/>\n<meta name=\"twitter:label1\" content=\"Est. reading time\" \/>\n\t<meta name=\"twitter:data1\" content=\"6 minutes\" \/>\n<script type=\"application\/ld+json\" class=\"yoast-schema-graph\">{\"@context\":\"https:\/\/schema.org\",\"@graph\":[{\"@type\":\"WebPage\",\"@id\":\"https:\/\/www.engenhart.com\/impressum\/\",\"url\":\"https:\/\/www.engenhart.com\/impressum\/\",\"name\":\"[:de]Impressum[:en]Imprint[:] - Engenhart \u00b0 Design Studio\",\"isPartOf\":{\"@id\":\"https:\/\/www.engenhart.com\/#website\"},\"datePublished\":\"2010-07-27T10:03:30+00:00\",\"dateModified\":\"2025-04-01T03:31:19+00:00\",\"breadcrumb\":{\"@id\":\"https:\/\/www.engenhart.com\/impressum\/#breadcrumb\"},\"inLanguage\":\"en-US\",\"potentialAction\":[{\"@type\":\"ReadAction\",\"target\":[\"https:\/\/www.engenhart.com\/impressum\/\"]}]},{\"@type\":\"BreadcrumbList\",\"@id\":\"https:\/\/www.engenhart.com\/impressum\/#breadcrumb\",\"itemListElement\":[{\"@type\":\"ListItem\",\"position\":1,\"name\":\"Startseite\",\"item\":\"https:\/\/www.engenhart.com\/\"},{\"@type\":\"ListItem\",\"position\":2,\"name\":\"Impressum\"}]},{\"@type\":\"WebSite\",\"@id\":\"https:\/\/www.engenhart.com\/#website\",\"url\":\"https:\/\/www.engenhart.com\/\",\"name\":\"Engenhart \u00b0 Design Studio\",\"description\":\"Communication design\",\"potentialAction\":[{\"@type\":\"SearchAction\",\"target\":{\"@type\":\"EntryPoint\",\"urlTemplate\":\"https:\/\/www.engenhart.com\/?s={search_term_string}\"},\"query-input\":\"required name=search_term_string\"}],\"inLanguage\":\"en-US\"}]}<\/script>\n<!-- \/ Yoast SEO plugin. -->","yoast_head_json":{"title":"[:de]Impressum[:en]Imprint[:] - Engenhart \u00b0 Design Studio","robots":{"index":"index","follow":"follow","max-snippet":"max-snippet:-1","max-image-preview":"max-image-preview:large","max-video-preview":"max-video-preview:-1"},"canonical":"https:\/\/www.engenhart.com\/impressum\/","og_locale":"en_US","og_type":"article","og_title":"[:de]Impressum[:en]Imprint[:] - Engenhart \u00b0 Design Studio","og_description":"Engenhart \u00b0 Design Studio for future affairs, visual and verbal communication Founder: Dipl-Des. Marc Engenhart Seidenstra\u00dfe 57 70174 Stuttgart Germany, Europe VAT-ID Number \u00a7 27 a German Law UST\/ID DE239666111 Design &amp; Concept Engenhart \u00b0 Stuttgart Publisher Dipl-Des. Marc Engenhart [&hellip;]","og_url":"https:\/\/www.engenhart.com\/impressum\/","og_site_name":"Engenhart \u00b0 Design Studio","article_modified_time":"2025-04-01T03:31:19+00:00","og_image":[{"width":"232","height":"116","url":"https:\/\/www.engenhart.com\/wp-content\/uploads\/2010\/07\/thumb-info.jpg","type":"image\/jpeg"}],"twitter_card":"summary_large_image","twitter_misc":{"Est. reading time":"6 minutes"},"schema":{"@context":"https:\/\/schema.org","@graph":[{"@type":"WebPage","@id":"https:\/\/www.engenhart.com\/impressum\/","url":"https:\/\/www.engenhart.com\/impressum\/","name":"[:de]Impressum[:en]Imprint[:] - Engenhart \u00b0 Design Studio","isPartOf":{"@id":"https:\/\/www.engenhart.com\/#website"},"datePublished":"2010-07-27T10:03:30+00:00","dateModified":"2025-04-01T03:31:19+00:00","breadcrumb":{"@id":"https:\/\/www.engenhart.com\/impressum\/#breadcrumb"},"inLanguage":"en-US","potentialAction":[{"@type":"ReadAction","target":["https:\/\/www.engenhart.com\/impressum\/"]}]},{"@type":"BreadcrumbList","@id":"https:\/\/www.engenhart.com\/impressum\/#breadcrumb","itemListElement":[{"@type":"ListItem","position":1,"name":"Startseite","item":"https:\/\/www.engenhart.com\/"},{"@type":"ListItem","position":2,"name":"Impressum"}]},{"@type":"WebSite","@id":"https:\/\/www.engenhart.com\/#website","url":"https:\/\/www.engenhart.com\/","name":"Engenhart \u00b0 Design Studio","description":"Communication design","potentialAction":[{"@type":"SearchAction","target":{"@type":"EntryPoint","urlTemplate":"https:\/\/www.engenhart.com\/?s={search_term_string}"},"query-input":"required name=search_term_string"}],"inLanguage":"en-US"}]}},"_links":{"self":[{"href":"https:\/\/www.engenhart.com\/en\/wp-json\/wp\/v2\/pages\/36"}],"collection":[{"href":"https:\/\/www.engenhart.com\/en\/wp-json\/wp\/v2\/pages"}],"about":[{"href":"https:\/\/www.engenhart.com\/en\/wp-json\/wp\/v2\/types\/page"}],"author":[{"embeddable":true,"href":"https:\/\/www.engenhart.com\/en\/wp-json\/wp\/v2\/users\/3"}],"replies":[{"embeddable":true,"href":"https:\/\/www.engenhart.com\/en\/wp-json\/wp\/v2\/comments?post=36"}],"version-history":[{"count":28,"href":"https:\/\/www.engenhart.com\/en\/wp-json\/wp\/v2\/pages\/36\/revisions"}],"predecessor-version":[{"id":12551,"href":"https:\/\/www.engenhart.com\/en\/wp-json\/wp\/v2\/pages\/36\/revisions\/12551"}],"wp:featuredmedia":[{"embeddable":true,"href":"https:\/\/www.engenhart.com\/en\/wp-json\/wp\/v2\/media\/3734"}],"wp:attachment":[{"href":"https:\/\/www.engenhart.com\/en\/wp-json\/wp\/v2\/media?parent=36"}],"curies":[{"name":"wp","href":"https:\/\/api.w.org\/{rel}","templated":true}]}}